{"id":255,"date":"2021-02-06T17:11:10","date_gmt":"2021-02-06T16:11:10","guid":{"rendered":"https:\/\/www.bsb-bwb.de\/?page_id=255"},"modified":"2026-03-12T11:10:21","modified_gmt":"2026-03-12T10:10:21","slug":"agb","status":"publish","type":"page","link":"https:\/\/www.bsb-bwb.de\/de\/agb\/","title":{"rendered":"AGB"},"content":{"rendered":"\n<style type=\"text\/css\" data-created_by=\"avia_inline_auto\" id=\"style-css-av-kl19i21d-17b4d7413b1bd9c5cf14b046f4e4771b\">\n.avia-section.av-kl19i21d-17b4d7413b1bd9c5cf14b046f4e4771b{\nbackground-repeat:no-repeat;\nbackground-image:url(https:\/\/www.bsb-bwb.de\/wp-content\/uploads\/2021\/10\/BSB_BWB_Top_Banner_Impressum_1940x600.jpg);\nbackground-position:50% 50%;\nbackground-attachment:scroll;\n}\n<\/style>\n<div id='special-teaser-section'  class='avia-section av-kl19i21d-17b4d7413b1bd9c5cf14b046f4e4771b main_color avia-section-default avia-no-border-styling  avia-builder-el-0  el_before_av_section  avia-builder-el-first  avia-full-stretch avia-bg-style-scroll av-minimum-height av-minimum-height-custom av-height-custom  container_wrap fullsize'  data-section-bg-repeat='stretch' data-av_minimum_height_px='600'><div class='container av-section-cont-open' style='height:600px'><main  role=\"main\" itemprop=\"mainContentOfPage\"  class='template-page content  av-content-full alpha units'><div class='post-entry post-entry-type-page post-entry-255'><div class='entry-content-wrapper clearfix'>\n\n<style type=\"text\/css\" data-created_by=\"avia_inline_auto\" id=\"style-css-av-bunrj-1b51fe4ed6de7aebeddc67ea06b5a6ed\">\n.flex_column.av-bunrj-1b51fe4ed6de7aebeddc67ea06b5a6ed{\nborder-radius:0px 0px 0px 0px;\npadding:0px 0px 0px 0px;\n}\n<\/style>\n<div  id=\"special-teaser\"  class='flex_column av-bunrj-1b51fe4ed6de7aebeddc67ea06b5a6ed av_one_full  avia-builder-el-1  avia-builder-el-no-sibling  first flex_column_div av-zero-column-padding  '     ><style type=\"text\/css\" data-created_by=\"avia_inline_auto\" id=\"style-css-av-kl19gptw-445f6daab53b62e6a598b07ac626e39b\">\n#top .av-special-heading.av-kl19gptw-445f6daab53b62e6a598b07ac626e39b{\npadding-bottom:10px;\n}\nbody .av-special-heading.av-kl19gptw-445f6daab53b62e6a598b07ac626e39b .av-special-heading-tag .heading-char{\nfont-size:25px;\n}\n.av-special-heading.av-kl19gptw-445f6daab53b62e6a598b07ac626e39b .av-subheading{\nfont-size:15px;\n}\n<\/style>\n<div  id=\"teaser-headline\"  class='av-special-heading av-kl19gptw-445f6daab53b62e6a598b07ac626e39b av-special-heading-h1 blockquote modern-quote  avia-builder-el-2  avia-builder-el-no-sibling '><h1 class='av-special-heading-tag '  itemprop=\"headline\"  >AGB.<\/h1><div class=\"special-heading-border\"><div class=\"special-heading-inner-border\"><\/div><\/div><\/div><\/div>\n\n<\/div><\/div><\/main><!-- close content main element --><\/div><\/div><div id='av_section_2'  class='avia-section av-11q1uv-7204f85a793c1bba3182f1d6278ea689 main_color avia-section-default avia-no-border-styling  avia-builder-el-3  el_after_av_section  avia-builder-el-last  avia-bg-style-scroll container_wrap fullsize'  ><div class='container av-section-cont-open' ><div class='template-page content  av-content-full alpha units'><div class='post-entry post-entry-type-page post-entry-255'><div class='entry-content-wrapper clearfix'>\n<section  class='av_textblock_section av-y9kdj-f27bb770b3f90214c6849efc93adb190 '   itemscope=\"itemscope\" itemtype=\"https:\/\/schema.org\/CreativeWork\" ><div class='avia_textblock'  itemprop=\"text\" ><div class=\"breadcrumb breadcrumbs avia-breadcrumbs\"><div class=\"breadcrumb-trail\" ><span class=\"trail-before\"><span class=\"breadcrumb-title\">Du bist hier:<\/span><\/span> <span  itemscope=\"itemscope\" itemtype=\"https:\/\/schema.org\/BreadcrumbList\" ><span  itemscope=\"itemscope\" itemtype=\"https:\/\/schema.org\/ListItem\" itemprop=\"itemListElement\" ><a itemprop=\"url\" href=\"https:\/\/www.bsb-bwb.de\/de\/\" title=\"bsb-bwb\" rel=\"home\" class=\"trail-begin\"><span itemprop=\"name\">Startseite<\/span><\/a><span itemprop=\"position\" class=\"hidden\">1<\/span><\/span><\/span><\/div><\/div>\n<\/div><\/section>\n<div class='flex_column_table av-qvdtb-10a473964b593045e644a70e87e12077 sc-av_one_half av-equal-height-column-flextable'>\n<style type=\"text\/css\" data-created_by=\"avia_inline_auto\" id=\"style-css-av-qvdtb-10a473964b593045e644a70e87e12077\">\n.flex_column.av-qvdtb-10a473964b593045e644a70e87e12077{\nborder-radius:0px 0px 0px 0px;\npadding:0px 0px 0px 0px;\n}\n<\/style>\n<div  class='flex_column av-qvdtb-10a473964b593045e644a70e87e12077 av_one_half  avia-builder-el-5  el_after_av_textblock  el_before_av_one_half  first flex_column_table_cell av-equal-height-column av-align-top av-zero-column-padding  column-top-margin'     ><p>\n<style type=\"text\/css\" data-created_by=\"avia_inline_auto\" id=\"style-css-av-kgp13-dd128a2be7e31b68d92f5a130536e879\">\n#top .hr.av-kgp13-dd128a2be7e31b68d92f5a130536e879{\nmargin-top:0px;\nmargin-bottom:0px;\n}\n.hr.av-kgp13-dd128a2be7e31b68d92f5a130536e879 .hr-inner{\nwidth:100%;\nborder-color:#1e80c2;\n}\n<\/style>\n<div  id=\"custom-hr-line-blue\"  class='hr av-kgp13-dd128a2be7e31b68d92f5a130536e879 hr-custom  avia-builder-el-6  el_before_av_heading  avia-builder-el-first  hr-center hr-icon-no'><span class='hr-inner inner-border-av-border-fat'><span class=\"hr-inner-style\"><\/span><\/span><\/div><br \/>\n\n<style type=\"text\/css\" data-created_by=\"avia_inline_auto\" id=\"style-css-av-kl18j14e-edee28aa31ef095f0db9996358d8da76\">\n#top .av-special-heading.av-kl18j14e-edee28aa31ef095f0db9996358d8da76{\npadding-bottom:10px;\n}\nbody .av-special-heading.av-kl18j14e-edee28aa31ef095f0db9996358d8da76 .av-special-heading-tag .heading-char{\nfont-size:25px;\n}\n.av-special-heading.av-kl18j14e-edee28aa31ef095f0db9996358d8da76 .av-subheading{\nfont-size:15px;\n}\n<\/style>\n<div  id=\"heading-no-top\"  class='av-special-heading av-kl18j14e-edee28aa31ef095f0db9996358d8da76 av-special-heading-h4 blockquote modern-quote  avia-builder-el-7  el_after_av_hr  avia-builder-el-last '><h4 class='av-special-heading-tag '  itemprop=\"headline\"  >Allgemeine Gesch\u00e4ftsbedingungen.<\/h4><div class=\"special-heading-border\"><div class=\"special-heading-inner-border\"><\/div><\/div><\/div><\/p><\/div><div class='av-flex-placeholder'><\/div>\n<style type=\"text\/css\" data-created_by=\"avia_inline_auto\" id=\"style-css-av-hmxg7-b00c9a13ada69d645ac44b442182d0af\">\n.flex_column.av-hmxg7-b00c9a13ada69d645ac44b442182d0af{\nborder-radius:0px 0px 0px 0px;\npadding:0px 0px 0px 0px;\n}\n<\/style>\n<div  class='flex_column av-hmxg7-b00c9a13ada69d645ac44b442182d0af av_one_half  avia-builder-el-8  el_after_av_one_half  el_before_av_one_half  flex_column_table_cell av-equal-height-column av-align-top av-zero-column-padding  column-top-margin'     ><\/div><\/div><!--close column table wrapper. Autoclose: 1 -->\n<style type=\"text\/css\" data-created_by=\"avia_inline_auto\" id=\"style-css-av-9yitz-918d6345f4286ed7121d592ef505748b\">\n.flex_column.av-9yitz-918d6345f4286ed7121d592ef505748b{\nborder-radius:0px 0px 0px 0px;\npadding:0px 0px 0px 0px;\n}\n<\/style>\n<div  class='flex_column av-9yitz-918d6345f4286ed7121d592ef505748b av_one_half  avia-builder-el-9  el_after_av_one_half  avia-builder-el-last  first flex_column_div av-zero-column-padding  column-top-margin'     ><section  class='av_textblock_section av-kl18mwoc-9b523aff49d02823d5e4c77854c5957f '   itemscope=\"itemscope\" itemtype=\"https:\/\/schema.org\/CreativeWork\" ><div class='avia_textblock'  itemprop=\"text\" ><p><strong>AGB<\/strong><\/p>\n<p>Die nachfolgenden Gesch\u00e4ftsbedingungen gelten f\u00fcr Vertr\u00e4ge mit BSB Metallverformung GmbH + Co. Stanzwerk sowie BWB Beh\u00e4lter-Werk Burgau GmbH + Co. KG<\/p>\n<p><a href=\"https:\/\/www.bsb-bwb.de\/wp-content\/uploads\/2026\/03\/260311_Klimmer-Group_Allgemeine-Verkaufsbedingungen_DE_rl.pdf\" target=\"_blank\" rel=\"noopener\">AGB Klimmer Group<\/a><\/p>\n<\/div><\/section><\/div>\n","protected":false},"excerpt":{"rendered":"","protected":false},"author":1,"featured_media":0,"parent":0,"menu_order":0,"comment_status":"closed","ping_status":"closed","template":"","meta":{"inline_featured_image":false,"footnotes":""},"class_list":["post-255","page","type-page","status-publish","hentry"],"yoast_head":"<!-- This site is optimized with the Yoast SEO plugin v26.3 - https:\/\/yoast.com\/wordpress\/plugins\/seo\/ -->\n<title>BSB und BWB Burgau - Allgemeine Gesch\u00e4ftsbedingungen<\/title>\n<meta name=\"description\" content=\"Allgemeinen Lieferungs-, Verkaufs und Zahlungsbedingungen der BSB Metallverformung GmbH + Co. Stanzwerk und BWB Beh\u00e4lter-Werk Burgau GmbH + Co. KG\" \/>\n<meta name=\"robots\" content=\"noindex, nofollow\" \/>\n<meta property=\"og:locale\" content=\"de_DE\" \/>\n<meta property=\"og:type\" content=\"article\" \/>\n<meta property=\"og:title\" content=\"BSB und BWB Burgau - Allgemeine Gesch\u00e4ftsbedingungen\" \/>\n<meta property=\"og:description\" content=\"Allgemeinen Lieferungs-, Verkaufs und Zahlungsbedingungen der BSB Metallverformung GmbH + Co. Stanzwerk und BWB Beh\u00e4lter-Werk Burgau GmbH + Co. KG\" \/>\n<meta property=\"og:url\" content=\"https:\/\/www.bsb-bwb.de\/de\/agb\/\" \/>\n<meta property=\"og:site_name\" content=\"bsb-bwb\" \/>\n<meta property=\"article:modified_time\" content=\"2026-03-12T10:10:21+00:00\" \/>\n<meta name=\"twitter:card\" content=\"summary_large_image\" \/>\n<meta name=\"twitter:label1\" content=\"Gesch\u00e4tzte Lesezeit\" \/>\n\t<meta name=\"twitter:data1\" content=\"1\u00a0Minute\" \/>\n<script type=\"application\/ld+json\" class=\"yoast-schema-graph\">{\"@context\":\"https:\/\/schema.org\",\"@graph\":[{\"@type\":\"WebPage\",\"@id\":\"https:\/\/www.bsb-bwb.de\/de\/agb\/\",\"url\":\"https:\/\/www.bsb-bwb.de\/de\/agb\/\",\"name\":\"BSB und BWB Burgau - Allgemeine Gesch\u00e4ftsbedingungen\",\"isPartOf\":{\"@id\":\"https:\/\/www.bsb-bwb.de\/de\/#website\"},\"datePublished\":\"2021-02-06T16:11:10+00:00\",\"dateModified\":\"2026-03-12T10:10:21+00:00\",\"description\":\"Allgemeinen Lieferungs-, Verkaufs und Zahlungsbedingungen der BSB Metallverformung GmbH + Co. Stanzwerk und BWB Beh\u00e4lter-Werk Burgau GmbH + Co. KG\",\"breadcrumb\":{\"@id\":\"https:\/\/www.bsb-bwb.de\/de\/agb\/#breadcrumb\"},\"inLanguage\":\"de\",\"potentialAction\":[{\"@type\":\"ReadAction\",\"target\":[\"https:\/\/www.bsb-bwb.de\/de\/agb\/\"]}]},{\"@type\":\"BreadcrumbList\",\"@id\":\"https:\/\/www.bsb-bwb.de\/de\/agb\/#breadcrumb\",\"itemListElement\":[{\"@type\":\"ListItem\",\"position\":1,\"name\":\"Startseite\",\"item\":\"https:\/\/www.bsb-bwb.de\/de\/\"},{\"@type\":\"ListItem\",\"position\":2,\"name\":\"AGB\"}]},{\"@type\":\"WebSite\",\"@id\":\"https:\/\/www.bsb-bwb.de\/de\/#website\",\"url\":\"https:\/\/www.bsb-bwb.de\/de\/\",\"name\":\"bsb-bwb\",\"description\":\"\",\"publisher\":{\"@id\":\"https:\/\/www.bsb-bwb.de\/de\/#organization\"},\"potentialAction\":[{\"@type\":\"SearchAction\",\"target\":{\"@type\":\"EntryPoint\",\"urlTemplate\":\"https:\/\/www.bsb-bwb.de\/de\/?s={search_term_string}\"},\"query-input\":{\"@type\":\"PropertyValueSpecification\",\"valueRequired\":true,\"valueName\":\"search_term_string\"}}],\"inLanguage\":\"de\"},{\"@type\":\"Organization\",\"@id\":\"https:\/\/www.bsb-bwb.de\/de\/#organization\",\"name\":\"BSB BWB\",\"url\":\"https:\/\/www.bsb-bwb.de\/de\/\",\"logo\":{\"@type\":\"ImageObject\",\"inLanguage\":\"de\",\"@id\":\"https:\/\/www.bsb-bwb.de\/de\/#\/schema\/logo\/image\/\",\"url\":\"https:\/\/www.bsb-bwb.de\/wp-content\/uploads\/2021\/11\/BSB-BWB_Logo_neu_340x156_Zeichenfla\u0308che-1.svg\",\"contentUrl\":\"https:\/\/www.bsb-bwb.de\/wp-content\/uploads\/2021\/11\/BSB-BWB_Logo_neu_340x156_Zeichenfla\u0308che-1.svg\",\"width\":\"1030\",\"height\":\"1030\",\"caption\":\"BSB BWB\"},\"image\":{\"@id\":\"https:\/\/www.bsb-bwb.de\/de\/#\/schema\/logo\/image\/\"}}]}<\/script>\n<!-- \/ Yoast SEO plugin. -->","yoast_head_json":{"title":"BSB und BWB Burgau - Allgemeine Gesch\u00e4ftsbedingungen","description":"Allgemeinen Lieferungs-, Verkaufs und Zahlungsbedingungen der BSB Metallverformung GmbH + Co. Stanzwerk und BWB Beh\u00e4lter-Werk Burgau GmbH + Co. KG","robots":{"index":"noindex","follow":"nofollow"},"og_locale":"de_DE","og_type":"article","og_title":"BSB und BWB Burgau - Allgemeine Gesch\u00e4ftsbedingungen","og_description":"Allgemeinen Lieferungs-, Verkaufs und Zahlungsbedingungen der BSB Metallverformung GmbH + Co. Stanzwerk und BWB Beh\u00e4lter-Werk Burgau GmbH + Co. KG","og_url":"https:\/\/www.bsb-bwb.de\/de\/agb\/","og_site_name":"bsb-bwb","article_modified_time":"2026-03-12T10:10:21+00:00","twitter_card":"summary_large_image","twitter_misc":{"Gesch\u00e4tzte Lesezeit":"1\u00a0Minute"},"schema":{"@context":"https:\/\/schema.org","@graph":[{"@type":"WebPage","@id":"https:\/\/www.bsb-bwb.de\/de\/agb\/","url":"https:\/\/www.bsb-bwb.de\/de\/agb\/","name":"BSB und BWB Burgau - Allgemeine Gesch\u00e4ftsbedingungen","isPartOf":{"@id":"https:\/\/www.bsb-bwb.de\/de\/#website"},"datePublished":"2021-02-06T16:11:10+00:00","dateModified":"2026-03-12T10:10:21+00:00","description":"Allgemeinen Lieferungs-, Verkaufs und Zahlungsbedingungen der BSB Metallverformung GmbH + Co. Stanzwerk und BWB Beh\u00e4lter-Werk Burgau GmbH + Co. KG","breadcrumb":{"@id":"https:\/\/www.bsb-bwb.de\/de\/agb\/#breadcrumb"},"inLanguage":"de","potentialAction":[{"@type":"ReadAction","target":["https:\/\/www.bsb-bwb.de\/de\/agb\/"]}]},{"@type":"BreadcrumbList","@id":"https:\/\/www.bsb-bwb.de\/de\/agb\/#breadcrumb","itemListElement":[{"@type":"ListItem","position":1,"name":"Startseite","item":"https:\/\/www.bsb-bwb.de\/de\/"},{"@type":"ListItem","position":2,"name":"AGB"}]},{"@type":"WebSite","@id":"https:\/\/www.bsb-bwb.de\/de\/#website","url":"https:\/\/www.bsb-bwb.de\/de\/","name":"bsb-bwb","description":"","publisher":{"@id":"https:\/\/www.bsb-bwb.de\/de\/#organization"},"potentialAction":[{"@type":"SearchAction","target":{"@type":"EntryPoint","urlTemplate":"https:\/\/www.bsb-bwb.de\/de\/?s={search_term_string}"},"query-input":{"@type":"PropertyValueSpecification","valueRequired":true,"valueName":"search_term_string"}}],"inLanguage":"de"},{"@type":"Organization","@id":"https:\/\/www.bsb-bwb.de\/de\/#organization","name":"BSB BWB","url":"https:\/\/www.bsb-bwb.de\/de\/","logo":{"@type":"ImageObject","inLanguage":"de","@id":"https:\/\/www.bsb-bwb.de\/de\/#\/schema\/logo\/image\/","url":"https:\/\/www.bsb-bwb.de\/wp-content\/uploads\/2021\/11\/BSB-BWB_Logo_neu_340x156_Zeichenfla\u0308che-1.svg","contentUrl":"https:\/\/www.bsb-bwb.de\/wp-content\/uploads\/2021\/11\/BSB-BWB_Logo_neu_340x156_Zeichenfla\u0308che-1.svg","width":"1030","height":"1030","caption":"BSB BWB"},"image":{"@id":"https:\/\/www.bsb-bwb.de\/de\/#\/schema\/logo\/image\/"}}]}},"_links":{"self":[{"href":"https:\/\/www.bsb-bwb.de\/de\/wp-json\/wp\/v2\/pages\/255","targetHints":{"allow":["GET"]}}],"collection":[{"href":"https:\/\/www.bsb-bwb.de\/de\/wp-json\/wp\/v2\/pages"}],"about":[{"href":"https:\/\/www.bsb-bwb.de\/de\/wp-json\/wp\/v2\/types\/page"}],"author":[{"embeddable":true,"href":"https:\/\/www.bsb-bwb.de\/de\/wp-json\/wp\/v2\/users\/1"}],"replies":[{"embeddable":true,"href":"https:\/\/www.bsb-bwb.de\/de\/wp-json\/wp\/v2\/comments?post=255"}],"version-history":[{"count":45,"href":"https:\/\/www.bsb-bwb.de\/de\/wp-json\/wp\/v2\/pages\/255\/revisions"}],"predecessor-version":[{"id":7846,"href":"https:\/\/www.bsb-bwb.de\/de\/wp-json\/wp\/v2\/pages\/255\/revisions\/7846"}],"wp:attachment":[{"href":"https:\/\/www.bsb-bwb.de\/de\/wp-json\/wp\/v2\/media?parent=255"}],"curies":[{"name":"wp","href":"https:\/\/api.w.org\/{rel}","templated":true}]}}