{"id":7138,"date":"2025-05-19T11:14:57","date_gmt":"2025-05-19T09:14:57","guid":{"rendered":"https:\/\/www.bsb-bwb.de\/?page_id=7138"},"modified":"2025-07-16T11:02:07","modified_gmt":"2025-07-16T09:02:07","slug":"lieferantenportal","status":"publish","type":"page","link":"https:\/\/www.bsb-bwb.de\/de\/lieferantenportal\/","title":{"rendered":"Lieferanten"},"content":{"rendered":"\n<style type=\"text\/css\" data-created_by=\"avia_inline_auto\" id=\"style-css-av-ku78wpyr-0c44412ce03957254fa5dbd1061fad86\">\n.avia-section.av-ku78wpyr-0c44412ce03957254fa5dbd1061fad86{\nbackground-repeat:no-repeat;\nbackground-image:url(https:\/\/www.bsb-bwb.de\/wp-content\/uploads\/2021\/12\/BSB_BWB_Top_Banner_Startseite_1940x600.jpg);\nbackground-position:50% 50%;\nbackground-attachment:scroll;\n}\n<\/style>\n<div id='special-teaser-section'  class='avia-section av-ku78wpyr-0c44412ce03957254fa5dbd1061fad86 main_color avia-section-default avia-no-border-styling  avia-builder-el-0  el_before_av_section  avia-builder-el-first  avia-full-stretch avia-bg-style-scroll av-minimum-height av-minimum-height-custom av-height-custom  container_wrap fullsize'  data-section-bg-repeat='stretch' data-av_minimum_height_px='600'><div class='container av-section-cont-open' style='height:600px'><main  role=\"main\" itemprop=\"mainContentOfPage\"  class='template-page content  av-content-full alpha units'><div class='post-entry post-entry-type-page post-entry-7138'><div class='entry-content-wrapper clearfix'>\n\n<style type=\"text\/css\" data-created_by=\"avia_inline_auto\" id=\"style-css-av-37bic1-85761ba4891be409a766372297ade97d\">\n.flex_column.av-37bic1-85761ba4891be409a766372297ade97d{\nborder-radius:0px 0px 0px 0px;\npadding:0px 0px 0px 0px;\n}\n<\/style>\n<div  id=\"special-teaser\"  class='flex_column av-37bic1-85761ba4891be409a766372297ade97d av_one_full  avia-builder-el-1  avia-builder-el-no-sibling  first flex_column_div av-zero-column-padding  '     ><style type=\"text\/css\" data-created_by=\"avia_inline_auto\" id=\"style-css-av-ku78wfvj-04291fb399affc26eedc7c48561be85b\">\n#top .av-special-heading.av-ku78wfvj-04291fb399affc26eedc7c48561be85b{\npadding-bottom:10px;\n}\nbody .av-special-heading.av-ku78wfvj-04291fb399affc26eedc7c48561be85b .av-special-heading-tag .heading-char{\nfont-size:25px;\n}\n.av-special-heading.av-ku78wfvj-04291fb399affc26eedc7c48561be85b .av-subheading{\nfont-size:15px;\n}\n<\/style>\n<div  id=\"teaser-headline\"  class='av-special-heading av-ku78wfvj-04291fb399affc26eedc7c48561be85b av-special-heading-h1 blockquote modern-quote  avia-builder-el-2  avia-builder-el-no-sibling '><h1 class='av-special-heading-tag '  itemprop=\"headline\"  >Lieferanten.<\/h1><div class=\"special-heading-border\"><div class=\"special-heading-inner-border\"><\/div><\/div><\/div><\/div>\n\n<\/div><\/div><\/main><!-- close content main element --><\/div><\/div><div id='qualitaetsmanagement'  class='avia-section av-ejfxsx-cd4a4a11795c02e7adafac848362a635 main_color avia-section-default avia-no-border-styling  avia-builder-el-3  el_after_av_section  el_before_av_section  avia-bg-style-scroll container_wrap fullsize'  ><div class='container av-section-cont-open' ><div class='template-page content  av-content-full alpha units'><div class='post-entry post-entry-type-page post-entry-7138'><div class='entry-content-wrapper clearfix'>\n<section  class='av_textblock_section av-ck8xa9-448ca189012e8d568fa3018a425f86b6 '   itemscope=\"itemscope\" itemtype=\"https:\/\/schema.org\/CreativeWork\" ><div class='avia_textblock'  itemprop=\"text\" ><div class=\"breadcrumb breadcrumbs avia-breadcrumbs\"><div class=\"breadcrumb-trail\" ><span class=\"trail-before\"><span class=\"breadcrumb-title\">Du bist hier:<\/span><\/span> <span  itemscope=\"itemscope\" itemtype=\"https:\/\/schema.org\/BreadcrumbList\" ><span  itemscope=\"itemscope\" itemtype=\"https:\/\/schema.org\/ListItem\" itemprop=\"itemListElement\" ><a itemprop=\"url\" href=\"https:\/\/www.bsb-bwb.de\/de\/\" title=\"bsb-bwb\" rel=\"home\" class=\"trail-begin\"><span itemprop=\"name\">Startseite<\/span><\/a><span itemprop=\"position\" class=\"hidden\">1<\/span><\/span><\/span><\/div><\/div>\n<\/div><\/section>\n<div class='flex_column_table av-acizdt-9d67acddb0eec321134cfe43253311ab sc-av_one_half av-equal-height-column-flextable'>\n<style type=\"text\/css\" data-created_by=\"avia_inline_auto\" id=\"style-css-av-acizdt-9d67acddb0eec321134cfe43253311ab\">\n.flex_column.av-acizdt-9d67acddb0eec321134cfe43253311ab{\nborder-radius:0px 0px 0px 0px;\npadding:0px 0px 0px 0px;\n}\n<\/style>\n<div  class='flex_column av-acizdt-9d67acddb0eec321134cfe43253311ab av_one_half  avia-builder-el-5  el_after_av_textblock  el_before_av_one_half  first flex_column_table_cell av-equal-height-column av-align-top av-zero-column-padding  column-top-margin'     ><p>\n<style type=\"text\/css\" data-created_by=\"avia_inline_auto\" id=\"style-css-av-9wq4zl-072ae01fa02ed5d967dd939d2930acc9\">\n#top .hr.av-9wq4zl-072ae01fa02ed5d967dd939d2930acc9{\nmargin-top:0px;\nmargin-bottom:0px;\n}\n.hr.av-9wq4zl-072ae01fa02ed5d967dd939d2930acc9 .hr-inner{\nwidth:100%;\nborder-color:#1e80c2;\n}\n<\/style>\n<div  id=\"custom-hr-line-blue\"  class='hr av-9wq4zl-072ae01fa02ed5d967dd939d2930acc9 hr-custom  avia-builder-el-6  el_before_av_heading  avia-builder-el-first  hr-center hr-icon-no'><span class='hr-inner inner-border-av-border-fat'><span class=\"hr-inner-style\"><\/span><\/span><\/div><br \/>\n\n<style type=\"text\/css\" data-created_by=\"avia_inline_auto\" id=\"style-css-av-ku78z0i2-56171712de9c42b62df087821836f570\">\n#top .av-special-heading.av-ku78z0i2-56171712de9c42b62df087821836f570{\npadding-bottom:10px;\n}\nbody .av-special-heading.av-ku78z0i2-56171712de9c42b62df087821836f570 .av-special-heading-tag .heading-char{\nfont-size:25px;\n}\n.av-special-heading.av-ku78z0i2-56171712de9c42b62df087821836f570 .av-subheading{\nfont-size:15px;\n}\n<\/style>\n<div  id=\"heading-no-top\"  class='av-special-heading av-ku78z0i2-56171712de9c42b62df087821836f570 av-special-heading-h4 blockquote modern-quote  avia-builder-el-7  el_after_av_hr  avia-builder-el-last '><h4 class='av-special-heading-tag '  itemprop=\"headline\"  >Lieferanteninformationen.<\/h4><div class=\"special-heading-border\"><div class=\"special-heading-inner-border\"><\/div><\/div><\/div><\/p><\/div><div class='av-flex-placeholder'><\/div>\n<style type=\"text\/css\" data-created_by=\"avia_inline_auto\" id=\"style-css-av-3tfz69-dd55a5686028fbbd4c5c1e57163dacbd\">\n.flex_column.av-3tfz69-dd55a5686028fbbd4c5c1e57163dacbd{\nborder-radius:0px 0px 0px 0px;\npadding:0px 0px 0px 0px;\n}\n<\/style>\n<div  class='flex_column av-3tfz69-dd55a5686028fbbd4c5c1e57163dacbd av_one_half  avia-builder-el-8  el_after_av_one_half  avia-builder-el-last  flex_column_table_cell av-equal-height-column av-align-top av-zero-column-padding  column-top-margin'     ><p>\n<style type=\"text\/css\" data-created_by=\"avia_inline_auto\" id=\"style-css-av-ku78z4rf-5b796b7f3ff8ab9b4d51f185ec43a763\">\n#top .av-special-heading.av-ku78z4rf-5b796b7f3ff8ab9b4d51f185ec43a763{\npadding-bottom:10px;\n}\nbody .av-special-heading.av-ku78z4rf-5b796b7f3ff8ab9b4d51f185ec43a763 .av-special-heading-tag .heading-char{\nfont-size:25px;\n}\n.av-special-heading.av-ku78z4rf-5b796b7f3ff8ab9b4d51f185ec43a763 .av-subheading{\nfont-size:15px;\n}\n<\/style>\n<div  id=\"specialfont-right\"  class='av-special-heading av-ku78z4rf-5b796b7f3ff8ab9b4d51f185ec43a763 av-special-heading-h3 blockquote modern-quote  avia-builder-el-9  el_before_av_textblock  avia-builder-el-first '><h3 class='av-special-heading-tag '  itemprop=\"headline\"  >DAS PRINZIP PARTNERSCHAFT.<\/h3><div class=\"special-heading-border\"><div class=\"special-heading-inner-border\"><\/div><\/div><\/div><br \/>\n<section  class='av_textblock_section av-1xuf5d-45716e58a887827c1db88835b3b5c7ad '   itemscope=\"itemscope\" itemtype=\"https:\/\/schema.org\/CreativeWork\" ><div class='avia_textblock'  itemprop=\"text\" ><p>Unsere Lieferanten sind ein entscheidender Faktor f\u00fcr die Leistungsf\u00e4higkeit und den nachhaltigen Erfolg unseres Unternehmens. Als Teil der Klimmer Group legen wir bei BSB und BWB daher gro\u00dfen Wert auf eine vertrauensvolle und langfristige Partnerschaft mit unseren Zulieferern, die sich durch Zuverl\u00e4ssigkeit, Wirtschaftlichkeit und h\u00f6chste Qualit\u00e4tsstandards auszeichnet.<\/p>\n<p>Unter Qualit\u00e4t verstehen wir dabei das Zusammenspiel aller Unternehmensleistungen \u2013 von der Angebotserstellung \u00fcber kompetente Beratung und termingerechte Lieferung bis hin zu transparenter Kommunikation und umfassender Betreuung.<\/p>\n<p>Im Folgenden finden Sie wichtige Dokumente und weiterf\u00fchrende Informationen zum Download:<\/p>\n<ul>\n<li><a href=\"https:\/\/www.bsb-bwb.de\/wp-content\/uploads\/2025\/05\/Lieferantenselbstauskunft.pdf\" target=\"_blank\" rel=\"noopener\">Lieferantenselbstauskunft<\/a><\/li>\n<li><a href=\"https:\/\/www.bsb-bwb.de\/wp-content\/uploads\/2025\/05\/Geheimhaltungsvereinbarung.pdf\" target=\"_blank\" rel=\"noopener\">Geheimhaltungsvereinbarung<\/a><\/li>\n<li><a href=\"https:\/\/www.bsb-bwb.de\/wp-content\/uploads\/2025\/05\/20240821_Klimmer_Supplier-Code-of-Conduct-DE20005794.1.pdf\" target=\"_blank\" rel=\"noopener\">Supplier Code of Conduct<\/a><\/li>\n<li><a href=\"https:\/\/www.bsb-bwb.de\/wp-content\/uploads\/2025\/07\/CargoClix-Zeitfenster-Management-bei-BSB-BWB_DEUTSCH.pdf\" target=\"_blank\" rel=\"noopener\">Zeitfenster Management CargoClix<\/a><\/li>\n<\/ul>\n<\/div><\/section><\/p><\/div><\/div><!--close column table wrapper. Autoclose: 1 --><\/div><\/div><\/div><!-- close content main div --><\/div><\/div><div id='zertifikate'  class='avia-section av-nf5xdd-b640124359086c74d4496b8acc44261a main_color avia-section-default avia-no-border-styling  avia-builder-el-11  el_after_av_section  avia-builder-el-last  avia-bg-style-scroll container_wrap fullsize'  ><div class='container av-section-cont-open' ><div class='template-page content  av-content-full alpha units'><div class='post-entry post-entry-type-page post-entry-7138'><div class='entry-content-wrapper clearfix'>\n<div class='flex_column_table av-mn3c75-73a6780e996d4adf250b74f6577c73d8 sc-av_one_half av-equal-height-column-flextable'>\n<style type=\"text\/css\" data-created_by=\"avia_inline_auto\" id=\"style-css-av-mn3c75-73a6780e996d4adf250b74f6577c73d8\">\n.flex_column.av-mn3c75-73a6780e996d4adf250b74f6577c73d8{\nborder-radius:0px 0px 0px 0px;\npadding:0px 0px 0px 0px;\n}\n<\/style>\n<div  class='flex_column av-mn3c75-73a6780e996d4adf250b74f6577c73d8 av_one_half  avia-builder-el-12  el_before_av_one_half  avia-builder-el-first  first flex_column_table_cell av-equal-height-column av-align-top av-zero-column-padding  '     ><p>\n<style type=\"text\/css\" data-created_by=\"avia_inline_auto\" id=\"style-css-av-krda4x-ea7d62eedb47062a774b223d103b8e03\">\n#top .hr.av-krda4x-ea7d62eedb47062a774b223d103b8e03{\nmargin-top:0px;\nmargin-bottom:0px;\n}\n.hr.av-krda4x-ea7d62eedb47062a774b223d103b8e03 .hr-inner{\nwidth:100%;\nborder-color:#1e80c2;\n}\n<\/style>\n<div  id=\"custom-hr-line-blue\"  class='hr av-krda4x-ea7d62eedb47062a774b223d103b8e03 hr-custom  avia-builder-el-13  el_before_av_heading  avia-builder-el-first  hr-center hr-icon-no'><span class='hr-inner inner-border-av-border-fat'><span class=\"hr-inner-style\"><\/span><\/span><\/div><br \/>\n\n<style type=\"text\/css\" data-created_by=\"avia_inline_auto\" id=\"style-css-av-ku7964xq-ae761bfbdc3ab6f9891320a3d41a1b41\">\n#top .av-special-heading.av-ku7964xq-ae761bfbdc3ab6f9891320a3d41a1b41{\npadding-bottom:10px;\n}\nbody .av-special-heading.av-ku7964xq-ae761bfbdc3ab6f9891320a3d41a1b41 .av-special-heading-tag .heading-char{\nfont-size:25px;\n}\n.av-special-heading.av-ku7964xq-ae761bfbdc3ab6f9891320a3d41a1b41 .av-subheading{\nfont-size:15px;\n}\n<\/style>\n<div  id=\"heading-no-top\"  class='av-special-heading av-ku7964xq-ae761bfbdc3ab6f9891320a3d41a1b41 av-special-heading-h4 blockquote modern-quote  avia-builder-el-14  el_after_av_hr  avia-builder-el-last '><h4 class='av-special-heading-tag '  itemprop=\"headline\"  >Warenannahmezeiten.<\/h4><div class=\"special-heading-border\"><div class=\"special-heading-inner-border\"><\/div><\/div><\/div><\/p><\/div><div class='av-flex-placeholder'><\/div>\n<style type=\"text\/css\" data-created_by=\"avia_inline_auto\" id=\"style-css-av-2judy9-0ff337dc8bedb0fe63332bd973e4843b\">\n.flex_column.av-2judy9-0ff337dc8bedb0fe63332bd973e4843b{\nborder-radius:0px 0px 0px 0px;\npadding:0px 0px 0px 0px;\n}\n<\/style>\n<div  class='flex_column av-2judy9-0ff337dc8bedb0fe63332bd973e4843b av_one_half  avia-builder-el-15  el_after_av_one_half  avia-builder-el-last  flex_column_table_cell av-equal-height-column av-align-top av-zero-column-padding  '     ><p>\n<style type=\"text\/css\" data-created_by=\"avia_inline_auto\" id=\"style-css-av-mauuxnf2-57a53e1256d8ba5bd3958551f757ead2\">\n#top .hr.av-mauuxnf2-57a53e1256d8ba5bd3958551f757ead2{\nmargin-top:0px;\nmargin-bottom:0px;\n}\n.hr.av-mauuxnf2-57a53e1256d8ba5bd3958551f757ead2 .hr-inner{\nwidth:100%;\nborder-color:#ffffff;\n}\n<\/style>\n<div  id=\"custom-hr-line-blue\"  class='hr av-mauuxnf2-57a53e1256d8ba5bd3958551f757ead2 hr-custom  avia-builder-el-16  el_before_av_heading  avia-builder-el-first  av-small-hide av-mini-hide hr-center hr-icon-no'><span class='hr-inner inner-border-av-border-fat'><span class=\"hr-inner-style\"><\/span><\/span><\/div><br \/>\n\n<style type=\"text\/css\" data-created_by=\"avia_inline_auto\" id=\"style-css-av-ku797jk6-4ea7beb43646786873dde25643a4aef4\">\n#top .av-special-heading.av-ku797jk6-4ea7beb43646786873dde25643a4aef4{\npadding-bottom:10px;\n}\nbody .av-special-heading.av-ku797jk6-4ea7beb43646786873dde25643a4aef4 .av-special-heading-tag .heading-char{\nfont-size:25px;\n}\n.av-special-heading.av-ku797jk6-4ea7beb43646786873dde25643a4aef4 .av-subheading{\nfont-size:15px;\n}\n<\/style>\n<div  id=\"heading-no-top\"  class='av-special-heading av-ku797jk6-4ea7beb43646786873dde25643a4aef4 av-special-heading-h4 blockquote modern-quote  avia-builder-el-17  el_after_av_hr  el_before_av_heading '><h4 class='av-special-heading-tag '  itemprop=\"headline\"  >Warenannahme.<\/h4><div class='av-subheading av-subheading_below'><p>7:00 bis 15:00 Uhr Montag bis Donnerstag<\/p>\n<p>7:00 bis 11:30 Uhr Freitag<\/p>\n<\/div><div class=\"special-heading-border\"><div class=\"special-heading-inner-border\"><\/div><\/div><\/div><br \/>\n\n<style type=\"text\/css\" data-created_by=\"avia_inline_auto\" id=\"style-css-av-mauuzgzj-a5e88afcb838556d4d281cfbc71007cb\">\n#top .av-special-heading.av-mauuzgzj-a5e88afcb838556d4d281cfbc71007cb{\npadding-bottom:10px;\n}\nbody .av-special-heading.av-mauuzgzj-a5e88afcb838556d4d281cfbc71007cb .av-special-heading-tag .heading-char{\nfont-size:25px;\n}\n.av-special-heading.av-mauuzgzj-a5e88afcb838556d4d281cfbc71007cb .av-subheading{\nfont-size:15px;\n}\n<\/style>\n<div  id=\"heading-no-top\"  class='av-special-heading av-mauuzgzj-a5e88afcb838556d4d281cfbc71007cb av-special-heading-h4 blockquote modern-quote  avia-builder-el-18  el_after_av_heading  avia-builder-el-last '><h4 class='av-special-heading-tag '  itemprop=\"headline\"  >Warenannahme Coil und Blech.<\/h4><div class='av-subheading av-subheading_below'><p>7:00 bis 15 Uhr Montag bis Donnerstag<\/p>\n<p>Freitag: keine Warenannahme (Ausnahmen mit Einkauf abgestimmt)<\/p>\n<\/div><div class=\"special-heading-border\"><div class=\"special-heading-inner-border\"><\/div><\/div><\/div><\/p><\/div><\/div><!--close column table wrapper. Autoclose: 1 -->\n<\/p>\n","protected":false},"excerpt":{"rendered":"","protected":false},"author":2,"featured_media":0,"parent":0,"menu_order":0,"comment_status":"closed","ping_status":"closed","template":"","meta":{"inline_featured_image":false,"footnotes":""},"class_list":["post-7138","page","type-page","status-publish","hentry"],"yoast_head":"<!-- This site is optimized with the Yoast SEO plugin v26.3 - https:\/\/yoast.com\/wordpress\/plugins\/seo\/ -->\n<title>BSB und BWB \u2013 Lieferantenportal<\/title>\n<meta name=\"description\" content=\"Wichtige Lieferanteninformationen und Dokumente zum Download. Lieferantenhandbuch, Supplier Code of Conduct, Warenannahmezeiten u.v.m\" \/>\n<meta name=\"robots\" content=\"index, follow, max-snippet:-1, max-image-preview:large, max-video-preview:-1\" \/>\n<link rel=\"canonical\" href=\"https:\/\/www.bsb-bwb.de\/de\/lieferantenportal\/\" \/>\n<meta property=\"og:locale\" content=\"de_DE\" \/>\n<meta property=\"og:type\" content=\"article\" \/>\n<meta property=\"og:title\" content=\"BSB und BWB \u2013 Lieferantenportal\" \/>\n<meta property=\"og:description\" content=\"Wichtige Lieferanteninformationen und Dokumente zum Download. Lieferantenhandbuch, Supplier Code of Conduct, Warenannahmezeiten u.v.m\" \/>\n<meta property=\"og:url\" content=\"https:\/\/www.bsb-bwb.de\/de\/lieferantenportal\/\" \/>\n<meta property=\"og:site_name\" content=\"bsb-bwb\" \/>\n<meta property=\"article:modified_time\" content=\"2025-07-16T09:02:07+00:00\" \/>\n<meta name=\"twitter:card\" content=\"summary_large_image\" \/>\n<meta name=\"twitter:label1\" content=\"Gesch\u00e4tzte Lesezeit\" \/>\n\t<meta name=\"twitter:data1\" content=\"1\u00a0Minute\" \/>\n<script type=\"application\/ld+json\" class=\"yoast-schema-graph\">{\"@context\":\"https:\/\/schema.org\",\"@graph\":[{\"@type\":\"WebPage\",\"@id\":\"https:\/\/www.bsb-bwb.de\/de\/lieferantenportal\/\",\"url\":\"https:\/\/www.bsb-bwb.de\/de\/lieferantenportal\/\",\"name\":\"BSB und BWB \u2013 Lieferantenportal\",\"isPartOf\":{\"@id\":\"https:\/\/www.bsb-bwb.de\/de\/#website\"},\"datePublished\":\"2025-05-19T09:14:57+00:00\",\"dateModified\":\"2025-07-16T09:02:07+00:00\",\"description\":\"Wichtige Lieferanteninformationen und Dokumente zum Download. Lieferantenhandbuch, Supplier Code of Conduct, Warenannahmezeiten u.v.m\",\"breadcrumb\":{\"@id\":\"https:\/\/www.bsb-bwb.de\/de\/lieferantenportal\/#breadcrumb\"},\"inLanguage\":\"de\",\"potentialAction\":[{\"@type\":\"ReadAction\",\"target\":[\"https:\/\/www.bsb-bwb.de\/de\/lieferantenportal\/\"]}]},{\"@type\":\"BreadcrumbList\",\"@id\":\"https:\/\/www.bsb-bwb.de\/de\/lieferantenportal\/#breadcrumb\",\"itemListElement\":[{\"@type\":\"ListItem\",\"position\":1,\"name\":\"Startseite\",\"item\":\"https:\/\/www.bsb-bwb.de\/de\/\"},{\"@type\":\"ListItem\",\"position\":2,\"name\":\"Lieferanten\"}]},{\"@type\":\"WebSite\",\"@id\":\"https:\/\/www.bsb-bwb.de\/de\/#website\",\"url\":\"https:\/\/www.bsb-bwb.de\/de\/\",\"name\":\"bsb-bwb\",\"description\":\"\",\"publisher\":{\"@id\":\"https:\/\/www.bsb-bwb.de\/de\/#organization\"},\"potentialAction\":[{\"@type\":\"SearchAction\",\"target\":{\"@type\":\"EntryPoint\",\"urlTemplate\":\"https:\/\/www.bsb-bwb.de\/de\/?s={search_term_string}\"},\"query-input\":{\"@type\":\"PropertyValueSpecification\",\"valueRequired\":true,\"valueName\":\"search_term_string\"}}],\"inLanguage\":\"de\"},{\"@type\":\"Organization\",\"@id\":\"https:\/\/www.bsb-bwb.de\/de\/#organization\",\"name\":\"BSB BWB\",\"url\":\"https:\/\/www.bsb-bwb.de\/de\/\",\"logo\":{\"@type\":\"ImageObject\",\"inLanguage\":\"de\",\"@id\":\"https:\/\/www.bsb-bwb.de\/de\/#\/schema\/logo\/image\/\",\"url\":\"https:\/\/www.bsb-bwb.de\/wp-content\/uploads\/2021\/11\/BSB-BWB_Logo_neu_340x156_Zeichenfla\u0308che-1.svg\",\"contentUrl\":\"https:\/\/www.bsb-bwb.de\/wp-content\/uploads\/2021\/11\/BSB-BWB_Logo_neu_340x156_Zeichenfla\u0308che-1.svg\",\"width\":\"1030\",\"height\":\"1030\",\"caption\":\"BSB BWB\"},\"image\":{\"@id\":\"https:\/\/www.bsb-bwb.de\/de\/#\/schema\/logo\/image\/\"}}]}<\/script>\n<!-- \/ Yoast SEO plugin. -->","yoast_head_json":{"title":"BSB und BWB \u2013 Lieferantenportal","description":"Wichtige Lieferanteninformationen und Dokumente zum Download. Lieferantenhandbuch, Supplier Code of Conduct, Warenannahmezeiten u.v.m","robots":{"index":"index","follow":"follow","max-snippet":"max-snippet:-1","max-image-preview":"max-image-preview:large","max-video-preview":"max-video-preview:-1"},"canonical":"https:\/\/www.bsb-bwb.de\/de\/lieferantenportal\/","og_locale":"de_DE","og_type":"article","og_title":"BSB und BWB \u2013 Lieferantenportal","og_description":"Wichtige Lieferanteninformationen und Dokumente zum Download. Lieferantenhandbuch, Supplier Code of Conduct, Warenannahmezeiten u.v.m","og_url":"https:\/\/www.bsb-bwb.de\/de\/lieferantenportal\/","og_site_name":"bsb-bwb","article_modified_time":"2025-07-16T09:02:07+00:00","twitter_card":"summary_large_image","twitter_misc":{"Gesch\u00e4tzte Lesezeit":"1\u00a0Minute"},"schema":{"@context":"https:\/\/schema.org","@graph":[{"@type":"WebPage","@id":"https:\/\/www.bsb-bwb.de\/de\/lieferantenportal\/","url":"https:\/\/www.bsb-bwb.de\/de\/lieferantenportal\/","name":"BSB und BWB \u2013 Lieferantenportal","isPartOf":{"@id":"https:\/\/www.bsb-bwb.de\/de\/#website"},"datePublished":"2025-05-19T09:14:57+00:00","dateModified":"2025-07-16T09:02:07+00:00","description":"Wichtige Lieferanteninformationen und Dokumente zum Download. Lieferantenhandbuch, Supplier Code of Conduct, Warenannahmezeiten u.v.m","breadcrumb":{"@id":"https:\/\/www.bsb-bwb.de\/de\/lieferantenportal\/#breadcrumb"},"inLanguage":"de","potentialAction":[{"@type":"ReadAction","target":["https:\/\/www.bsb-bwb.de\/de\/lieferantenportal\/"]}]},{"@type":"BreadcrumbList","@id":"https:\/\/www.bsb-bwb.de\/de\/lieferantenportal\/#breadcrumb","itemListElement":[{"@type":"ListItem","position":1,"name":"Startseite","item":"https:\/\/www.bsb-bwb.de\/de\/"},{"@type":"ListItem","position":2,"name":"Lieferanten"}]},{"@type":"WebSite","@id":"https:\/\/www.bsb-bwb.de\/de\/#website","url":"https:\/\/www.bsb-bwb.de\/de\/","name":"bsb-bwb","description":"","publisher":{"@id":"https:\/\/www.bsb-bwb.de\/de\/#organization"},"potentialAction":[{"@type":"SearchAction","target":{"@type":"EntryPoint","urlTemplate":"https:\/\/www.bsb-bwb.de\/de\/?s={search_term_string}"},"query-input":{"@type":"PropertyValueSpecification","valueRequired":true,"valueName":"search_term_string"}}],"inLanguage":"de"},{"@type":"Organization","@id":"https:\/\/www.bsb-bwb.de\/de\/#organization","name":"BSB BWB","url":"https:\/\/www.bsb-bwb.de\/de\/","logo":{"@type":"ImageObject","inLanguage":"de","@id":"https:\/\/www.bsb-bwb.de\/de\/#\/schema\/logo\/image\/","url":"https:\/\/www.bsb-bwb.de\/wp-content\/uploads\/2021\/11\/BSB-BWB_Logo_neu_340x156_Zeichenfla\u0308che-1.svg","contentUrl":"https:\/\/www.bsb-bwb.de\/wp-content\/uploads\/2021\/11\/BSB-BWB_Logo_neu_340x156_Zeichenfla\u0308che-1.svg","width":"1030","height":"1030","caption":"BSB BWB"},"image":{"@id":"https:\/\/www.bsb-bwb.de\/de\/#\/schema\/logo\/image\/"}}]}},"_links":{"self":[{"href":"https:\/\/www.bsb-bwb.de\/de\/wp-json\/wp\/v2\/pages\/7138","targetHints":{"allow":["GET"]}}],"collection":[{"href":"https:\/\/www.bsb-bwb.de\/de\/wp-json\/wp\/v2\/pages"}],"about":[{"href":"https:\/\/www.bsb-bwb.de\/de\/wp-json\/wp\/v2\/types\/page"}],"author":[{"embeddable":true,"href":"https:\/\/www.bsb-bwb.de\/de\/wp-json\/wp\/v2\/users\/2"}],"replies":[{"embeddable":true,"href":"https:\/\/www.bsb-bwb.de\/de\/wp-json\/wp\/v2\/comments?post=7138"}],"version-history":[{"count":38,"href":"https:\/\/www.bsb-bwb.de\/de\/wp-json\/wp\/v2\/pages\/7138\/revisions"}],"predecessor-version":[{"id":7359,"href":"https:\/\/www.bsb-bwb.de\/de\/wp-json\/wp\/v2\/pages\/7138\/revisions\/7359"}],"wp:attachment":[{"href":"https:\/\/www.bsb-bwb.de\/de\/wp-json\/wp\/v2\/media?parent=7138"}],"curies":[{"name":"wp","href":"https:\/\/api.w.org\/{rel}","templated":true}]}}