{"id":7140,"date":"2025-05-22T10:33:16","date_gmt":"2025-05-22T08:33:16","guid":{"rendered":"https:\/\/www.bsb-bwb.de\/?page_id=7140"},"modified":"2025-07-16T11:10:33","modified_gmt":"2025-07-16T09:10:33","slug":"fournisseurs","status":"publish","type":"page","link":"https:\/\/www.bsb-bwb.de\/fr\/fournisseurs\/","title":{"rendered":"Fournisseurs"},"content":{"rendered":"\n<style type=\"text\/css\" data-created_by=\"avia_inline_auto\" id=\"style-css-av-ku78wpyr-0c44412ce03957254fa5dbd1061fad86\">\n.avia-section.av-ku78wpyr-0c44412ce03957254fa5dbd1061fad86{\nbackground-repeat:no-repeat;\nbackground-image:url(https:\/\/www.bsb-bwb.de\/wp-content\/uploads\/2021\/12\/BSB_BWB_Top_Banner_Startseite_1940x600.jpg);\nbackground-position:50% 50%;\nbackground-attachment:scroll;\n}\n<\/style>\n<div id='special-teaser-section'  class='avia-section av-ku78wpyr-0c44412ce03957254fa5dbd1061fad86 main_color avia-section-default avia-no-border-styling  avia-builder-el-0  el_before_av_section  avia-builder-el-first  avia-full-stretch avia-bg-style-scroll av-minimum-height av-minimum-height-custom av-height-custom  container_wrap fullsize'  data-section-bg-repeat='stretch' data-av_minimum_height_px='600'><div class='container av-section-cont-open' style='height:600px'><main  role=\"main\" itemprop=\"mainContentOfPage\"  class='template-page content  av-content-full alpha units'><div class='post-entry post-entry-type-page post-entry-7140'><div class='entry-content-wrapper clearfix'>\n\n<style type=\"text\/css\" data-created_by=\"avia_inline_auto\" id=\"style-css-av-37bic1-85761ba4891be409a766372297ade97d\">\n.flex_column.av-37bic1-85761ba4891be409a766372297ade97d{\nborder-radius:0px 0px 0px 0px;\npadding:0px 0px 0px 0px;\n}\n<\/style>\n<div  id=\"special-teaser\"  class='flex_column av-37bic1-85761ba4891be409a766372297ade97d av_one_full  avia-builder-el-1  avia-builder-el-no-sibling  first flex_column_div av-zero-column-padding  '     ><style type=\"text\/css\" data-created_by=\"avia_inline_auto\" id=\"style-css-av-ku78wfvj-d273d001bd3fffe8aa4339e82de50569\">\n#top .av-special-heading.av-ku78wfvj-d273d001bd3fffe8aa4339e82de50569{\npadding-bottom:10px;\n}\nbody .av-special-heading.av-ku78wfvj-d273d001bd3fffe8aa4339e82de50569 .av-special-heading-tag .heading-char{\nfont-size:25px;\n}\n.av-special-heading.av-ku78wfvj-d273d001bd3fffe8aa4339e82de50569 .av-subheading{\nfont-size:15px;\n}\n<\/style>\n<div  id=\"teaser-headline\"  class='av-special-heading av-ku78wfvj-d273d001bd3fffe8aa4339e82de50569 av-special-heading-h1 blockquote modern-quote  avia-builder-el-2  avia-builder-el-no-sibling '><h1 class='av-special-heading-tag '  itemprop=\"headline\"  >Fournisseurs.<\/h1><div class=\"special-heading-border\"><div class=\"special-heading-inner-border\"><\/div><\/div><\/div><\/div>\n\n<\/div><\/div><\/main><!-- close content main element --><\/div><\/div><div id='qualitaetsmanagement'  class='avia-section av-ejfxsx-cd4a4a11795c02e7adafac848362a635 main_color avia-section-default avia-no-border-styling  avia-builder-el-3  el_after_av_section  el_before_av_section  avia-bg-style-scroll container_wrap fullsize'  ><div class='container av-section-cont-open' ><div class='template-page content  av-content-full alpha units'><div class='post-entry post-entry-type-page post-entry-7140'><div class='entry-content-wrapper clearfix'>\n<section  class='av_textblock_section av-ck8xa9-448ca189012e8d568fa3018a425f86b6 '   itemscope=\"itemscope\" itemtype=\"https:\/\/schema.org\/CreativeWork\" ><div class='avia_textblock'  itemprop=\"text\" ><div class=\"breadcrumb breadcrumbs avia-breadcrumbs\"><div class=\"breadcrumb-trail\" ><span class=\"trail-before\"><span class=\"breadcrumb-title\">Vous \u00eates ici :<\/span><\/span> <span  itemscope=\"itemscope\" itemtype=\"https:\/\/schema.org\/BreadcrumbList\" ><span  itemscope=\"itemscope\" itemtype=\"https:\/\/schema.org\/ListItem\" itemprop=\"itemListElement\" ><a itemprop=\"url\" href=\"https:\/\/www.bsb-bwb.de\/fr\/\" title=\"bsb-bwb\" rel=\"home\" class=\"trail-begin\"><span itemprop=\"name\">Accueil<\/span><\/a><span itemprop=\"position\" class=\"hidden\">1<\/span><\/span><\/span><\/div><\/div>\n<\/div><\/section>\n<div class='flex_column_table av-acizdt-9d67acddb0eec321134cfe43253311ab sc-av_one_half av-equal-height-column-flextable'>\n<style type=\"text\/css\" data-created_by=\"avia_inline_auto\" id=\"style-css-av-acizdt-9d67acddb0eec321134cfe43253311ab\">\n.flex_column.av-acizdt-9d67acddb0eec321134cfe43253311ab{\nborder-radius:0px 0px 0px 0px;\npadding:0px 0px 0px 0px;\n}\n<\/style>\n<div  class='flex_column av-acizdt-9d67acddb0eec321134cfe43253311ab av_one_half  avia-builder-el-5  el_after_av_textblock  el_before_av_one_half  first flex_column_table_cell av-equal-height-column av-align-top av-zero-column-padding  column-top-margin'     ><p>\n<style type=\"text\/css\" data-created_by=\"avia_inline_auto\" id=\"style-css-av-9wq4zl-072ae01fa02ed5d967dd939d2930acc9\">\n#top .hr.av-9wq4zl-072ae01fa02ed5d967dd939d2930acc9{\nmargin-top:0px;\nmargin-bottom:0px;\n}\n.hr.av-9wq4zl-072ae01fa02ed5d967dd939d2930acc9 .hr-inner{\nwidth:100%;\nborder-color:#1e80c2;\n}\n<\/style>\n<div  id=\"custom-hr-line-blue\"  class='hr av-9wq4zl-072ae01fa02ed5d967dd939d2930acc9 hr-custom  avia-builder-el-6  el_before_av_heading  avia-builder-el-first  hr-center hr-icon-no'><span class='hr-inner inner-border-av-border-fat'><span class=\"hr-inner-style\"><\/span><\/span><\/div><br \/>\n\n<style type=\"text\/css\" data-created_by=\"avia_inline_auto\" id=\"style-css-av-ku78z0i2-50758bc8ad8ad8695f9427225c0a4517\">\n#top .av-special-heading.av-ku78z0i2-50758bc8ad8ad8695f9427225c0a4517{\npadding-bottom:10px;\n}\nbody .av-special-heading.av-ku78z0i2-50758bc8ad8ad8695f9427225c0a4517 .av-special-heading-tag .heading-char{\nfont-size:25px;\n}\n.av-special-heading.av-ku78z0i2-50758bc8ad8ad8695f9427225c0a4517 .av-subheading{\nfont-size:15px;\n}\n<\/style>\n<div  id=\"heading-no-top\"  class='av-special-heading av-ku78z0i2-50758bc8ad8ad8695f9427225c0a4517 av-special-heading-h4 blockquote modern-quote  avia-builder-el-7  el_after_av_hr  avia-builder-el-last '><h4 class='av-special-heading-tag '  itemprop=\"headline\"  >Informations pour les fournisseurs.<\/h4><div class=\"special-heading-border\"><div class=\"special-heading-inner-border\"><\/div><\/div><\/div><\/p><\/div><div class='av-flex-placeholder'><\/div>\n<style type=\"text\/css\" data-created_by=\"avia_inline_auto\" id=\"style-css-av-3tfz69-dd55a5686028fbbd4c5c1e57163dacbd\">\n.flex_column.av-3tfz69-dd55a5686028fbbd4c5c1e57163dacbd{\nborder-radius:0px 0px 0px 0px;\npadding:0px 0px 0px 0px;\n}\n<\/style>\n<div  class='flex_column av-3tfz69-dd55a5686028fbbd4c5c1e57163dacbd av_one_half  avia-builder-el-8  el_after_av_one_half  avia-builder-el-last  flex_column_table_cell av-equal-height-column av-align-top av-zero-column-padding  column-top-margin'     ><p>\n<style type=\"text\/css\" data-created_by=\"avia_inline_auto\" id=\"style-css-av-ku78z4rf-58e865e873532be6fafa0baa2507857a\">\n#top .av-special-heading.av-ku78z4rf-58e865e873532be6fafa0baa2507857a{\npadding-bottom:10px;\n}\nbody .av-special-heading.av-ku78z4rf-58e865e873532be6fafa0baa2507857a .av-special-heading-tag .heading-char{\nfont-size:25px;\n}\n.av-special-heading.av-ku78z4rf-58e865e873532be6fafa0baa2507857a .av-subheading{\nfont-size:15px;\n}\n<\/style>\n<div  id=\"specialfont-right\"  class='av-special-heading av-ku78z4rf-58e865e873532be6fafa0baa2507857a av-special-heading-h3 blockquote modern-quote  avia-builder-el-9  el_before_av_textblock  avia-builder-el-first '><h3 class='av-special-heading-tag '  itemprop=\"headline\"  >Le principe du partenariat.<\/h3><div class=\"special-heading-border\"><div class=\"special-heading-inner-border\"><\/div><\/div><\/div><br \/>\n<section  class='av_textblock_section av-1xuf5d-45716e58a887827c1db88835b3b5c7ad '   itemscope=\"itemscope\" itemtype=\"https:\/\/schema.org\/CreativeWork\" ><div class='avia_textblock'  itemprop=\"text\" ><p>Nos fournisseurs sont un facteur d\u00e9cisif pour la performance et le succ\u00e8s durable de notre entreprise. En tant que membre du groupe Klimmer, nous attachons donc une grande importance, chez BSB et BWB, \u00e0 un partenariat de confiance et \u00e0 long terme avec nos fournisseurs, qui se distingue par sa fiabilit\u00e9, sa rentabilit\u00e9 et ses normes de qualit\u00e9 les plus \u00e9lev\u00e9es.<\/p>\n<p>Par qualit\u00e9, nous entendons l&rsquo;interaction de toutes les prestations de l&rsquo;entreprise &#8211; de l&rsquo;\u00e9tablissement de l&rsquo;offre \u00e0 la communication transparente et au suivi complet, en passant par le conseil comp\u00e9tent et la livraison dans les d\u00e9lais.<\/p>\n<p>Vous trouverez ci-dessous des documents importants et des informations compl\u00e9mentaires \u00e0 t\u00e9l\u00e9charger:<\/p>\n<ul>\n<li><a href=\"https:\/\/www.bsb-bwb.de\/wp-content\/uploads\/2025\/05\/Lieferantenselbstauskunft.pdf\" target=\"_blank\" rel=\"noopener\">Lieferantenselbstauskunft<\/a><\/li>\n<li><a href=\"https:\/\/www.bsb-bwb.de\/wp-content\/uploads\/2025\/05\/Geheimhaltungsvereinbarung.pdf\" target=\"_blank\" rel=\"noopener\">Accord de confidentialit\u00e9<\/a><\/li>\n<li><a href=\"https:\/\/www.bsb-bwb.de\/wp-content\/uploads\/2025\/05\/20240821_Klimmer_Supplier-Code-of-Conduct-DE20005794.1.pdf\" target=\"_blank\" rel=\"noopener\">Supplier Code of Conduct<\/a><\/li>\n<li><a href=\"https:\/\/www.bsb-bwb.de\/wp-content\/uploads\/2025\/07\/CargoClix-Zeitfenster-Management-bei-BSB-BWB-FR.pdf\" target=\"_blank\" rel=\"noopener\">Gestion des cr\u00e9neaux horaires Cargoclix<\/a><\/li>\n<\/ul>\n<\/div><\/section><\/p><\/div><\/div><!--close column table wrapper. Autoclose: 1 --><\/div><\/div><\/div><!-- close content main div --><\/div><\/div><div id='zertifikate'  class='avia-section av-nf5xdd-b640124359086c74d4496b8acc44261a main_color avia-section-default avia-no-border-styling  avia-builder-el-11  el_after_av_section  avia-builder-el-last  avia-bg-style-scroll container_wrap fullsize'  ><div class='container av-section-cont-open' ><div class='template-page content  av-content-full alpha units'><div class='post-entry post-entry-type-page post-entry-7140'><div class='entry-content-wrapper clearfix'>\n<div class='flex_column_table av-mn3c75-73a6780e996d4adf250b74f6577c73d8 sc-av_one_half av-equal-height-column-flextable'>\n<style type=\"text\/css\" data-created_by=\"avia_inline_auto\" id=\"style-css-av-mn3c75-73a6780e996d4adf250b74f6577c73d8\">\n.flex_column.av-mn3c75-73a6780e996d4adf250b74f6577c73d8{\nborder-radius:0px 0px 0px 0px;\npadding:0px 0px 0px 0px;\n}\n<\/style>\n<div  class='flex_column av-mn3c75-73a6780e996d4adf250b74f6577c73d8 av_one_half  avia-builder-el-12  el_before_av_one_half  avia-builder-el-first  first flex_column_table_cell av-equal-height-column av-align-top av-zero-column-padding  '     ><p>\n<style type=\"text\/css\" data-created_by=\"avia_inline_auto\" id=\"style-css-av-krda4x-ea7d62eedb47062a774b223d103b8e03\">\n#top .hr.av-krda4x-ea7d62eedb47062a774b223d103b8e03{\nmargin-top:0px;\nmargin-bottom:0px;\n}\n.hr.av-krda4x-ea7d62eedb47062a774b223d103b8e03 .hr-inner{\nwidth:100%;\nborder-color:#1e80c2;\n}\n<\/style>\n<div  id=\"custom-hr-line-blue\"  class='hr av-krda4x-ea7d62eedb47062a774b223d103b8e03 hr-custom  avia-builder-el-13  el_before_av_heading  avia-builder-el-first  hr-center hr-icon-no'><span class='hr-inner inner-border-av-border-fat'><span class=\"hr-inner-style\"><\/span><\/span><\/div><br \/>\n\n<style type=\"text\/css\" data-created_by=\"avia_inline_auto\" id=\"style-css-av-ku7964xq-d5ebcb34731ff5c6aa1c02dfb830e46c\">\n#top .av-special-heading.av-ku7964xq-d5ebcb34731ff5c6aa1c02dfb830e46c{\npadding-bottom:10px;\n}\nbody .av-special-heading.av-ku7964xq-d5ebcb34731ff5c6aa1c02dfb830e46c .av-special-heading-tag .heading-char{\nfont-size:25px;\n}\n.av-special-heading.av-ku7964xq-d5ebcb34731ff5c6aa1c02dfb830e46c .av-subheading{\nfont-size:15px;\n}\n<\/style>\n<div  id=\"heading-no-top\"  class='av-special-heading av-ku7964xq-d5ebcb34731ff5c6aa1c02dfb830e46c av-special-heading-h4 blockquote modern-quote  avia-builder-el-14  el_after_av_hr  avia-builder-el-last '><h4 class='av-special-heading-tag '  itemprop=\"headline\"  >Heures de r\u00e9ception des marchandises.<\/h4><div class=\"special-heading-border\"><div class=\"special-heading-inner-border\"><\/div><\/div><\/div><\/p><\/div><div class='av-flex-placeholder'><\/div>\n<style type=\"text\/css\" data-created_by=\"avia_inline_auto\" id=\"style-css-av-2judy9-0ff337dc8bedb0fe63332bd973e4843b\">\n.flex_column.av-2judy9-0ff337dc8bedb0fe63332bd973e4843b{\nborder-radius:0px 0px 0px 0px;\npadding:0px 0px 0px 0px;\n}\n<\/style>\n<div  class='flex_column av-2judy9-0ff337dc8bedb0fe63332bd973e4843b av_one_half  avia-builder-el-15  el_after_av_one_half  avia-builder-el-last  flex_column_table_cell av-equal-height-column av-align-top av-zero-column-padding  '     ><p>\n<style type=\"text\/css\" data-created_by=\"avia_inline_auto\" id=\"style-css-av-mauuxnf2-57a53e1256d8ba5bd3958551f757ead2\">\n#top .hr.av-mauuxnf2-57a53e1256d8ba5bd3958551f757ead2{\nmargin-top:0px;\nmargin-bottom:0px;\n}\n.hr.av-mauuxnf2-57a53e1256d8ba5bd3958551f757ead2 .hr-inner{\nwidth:100%;\nborder-color:#ffffff;\n}\n<\/style>\n<div  id=\"custom-hr-line-blue\"  class='hr av-mauuxnf2-57a53e1256d8ba5bd3958551f757ead2 hr-custom  avia-builder-el-16  el_before_av_heading  avia-builder-el-first  av-small-hide av-mini-hide hr-center hr-icon-no'><span class='hr-inner inner-border-av-border-fat'><span class=\"hr-inner-style\"><\/span><\/span><\/div><br \/>\n\n<style type=\"text\/css\" data-created_by=\"avia_inline_auto\" id=\"style-css-av-ku797jk6-38bd7e794442ad5d527cf13c872bacc1\">\n#top .av-special-heading.av-ku797jk6-38bd7e794442ad5d527cf13c872bacc1{\npadding-bottom:10px;\n}\nbody .av-special-heading.av-ku797jk6-38bd7e794442ad5d527cf13c872bacc1 .av-special-heading-tag .heading-char{\nfont-size:25px;\n}\n.av-special-heading.av-ku797jk6-38bd7e794442ad5d527cf13c872bacc1 .av-subheading{\nfont-size:15px;\n}\n<\/style>\n<div  id=\"heading-no-top\"  class='av-special-heading av-ku797jk6-38bd7e794442ad5d527cf13c872bacc1 av-special-heading-h4 blockquote modern-quote  avia-builder-el-17  el_after_av_hr  el_before_av_heading '><h4 class='av-special-heading-tag '  itemprop=\"headline\"  >R\u00e9ception des marchandises.<\/h4><div class='av-subheading av-subheading_below'><p>7:00 \u00e0 15:00 lundi \u00e0 jeudi<br \/>\n7:00 \u00e0 11:30 vendredi<\/p>\n<\/div><div class=\"special-heading-border\"><div class=\"special-heading-inner-border\"><\/div><\/div><\/div><br \/>\n\n<style type=\"text\/css\" data-created_by=\"avia_inline_auto\" id=\"style-css-av-mauuzgzj-00b5ff8787165e4208e4a4f8501b6edf\">\n#top .av-special-heading.av-mauuzgzj-00b5ff8787165e4208e4a4f8501b6edf{\npadding-bottom:10px;\n}\nbody .av-special-heading.av-mauuzgzj-00b5ff8787165e4208e4a4f8501b6edf .av-special-heading-tag .heading-char{\nfont-size:25px;\n}\n.av-special-heading.av-mauuzgzj-00b5ff8787165e4208e4a4f8501b6edf .av-subheading{\nfont-size:15px;\n}\n<\/style>\n<div  id=\"heading-no-top\"  class='av-special-heading av-mauuzgzj-00b5ff8787165e4208e4a4f8501b6edf av-special-heading-h4 blockquote modern-quote  avia-builder-el-18  el_after_av_heading  avia-builder-el-last '><h4 class='av-special-heading-tag '  itemprop=\"headline\"  >R\u00e9ception des bobines et des t\u00f4les.<\/h4><div class='av-subheading av-subheading_below'><p>7:00 \u00e0 15:00 h lundi \u00e0 jeudi<br \/>\nVendredi: pas de r\u00e9ception de marchandises (exceptions convenues avec les achats)<\/p>\n<\/div><div class=\"special-heading-border\"><div class=\"special-heading-inner-border\"><\/div><\/div><\/div><\/p><\/div><\/div><!--close column table wrapper. Autoclose: 1 -->\n<\/p>\n","protected":false},"excerpt":{"rendered":"","protected":false},"author":2,"featured_media":0,"parent":0,"menu_order":0,"comment_status":"closed","ping_status":"closed","template":"","meta":{"inline_featured_image":false,"footnotes":""},"class_list":["post-7140","page","type-page","status-publish","hentry"],"yoast_head":"<!-- This site is optimized with the Yoast SEO plugin v26.3 - https:\/\/yoast.com\/wordpress\/plugins\/seo\/ -->\n<title>BSB et BWB - Portail des fournisseurs<\/title>\n<meta name=\"description\" content=\"Informations et documents importants sur les fournisseurs \u00e0 t\u00e9l\u00e9charger. Manuel du fournisseur, code de conduite du fournisseur, heures de r\u00e9ception des marchandises, etc.\" \/>\n<meta name=\"robots\" content=\"index, follow, max-snippet:-1, max-image-preview:large, max-video-preview:-1\" \/>\n<link rel=\"canonical\" href=\"https:\/\/www.bsb-bwb.de\/fr\/fournisseurs\/\" \/>\n<meta property=\"og:locale\" content=\"fr_FR\" \/>\n<meta property=\"og:type\" content=\"article\" \/>\n<meta property=\"og:title\" content=\"BSB et BWB - Portail des fournisseurs\" \/>\n<meta property=\"og:description\" content=\"Informations et documents importants sur les fournisseurs \u00e0 t\u00e9l\u00e9charger. Manuel du fournisseur, code de conduite du fournisseur, heures de r\u00e9ception des marchandises, etc.\" \/>\n<meta property=\"og:url\" content=\"https:\/\/www.bsb-bwb.de\/fr\/fournisseurs\/\" \/>\n<meta property=\"og:site_name\" content=\"bsb-bwb\" \/>\n<meta property=\"article:modified_time\" content=\"2025-07-16T09:10:33+00:00\" \/>\n<meta name=\"twitter:card\" content=\"summary_large_image\" \/>\n<meta name=\"twitter:label1\" content=\"Dur\u00e9e de lecture estim\u00e9e\" \/>\n\t<meta name=\"twitter:data1\" content=\"1 minute\" \/>\n<script type=\"application\/ld+json\" class=\"yoast-schema-graph\">{\"@context\":\"https:\/\/schema.org\",\"@graph\":[{\"@type\":\"WebPage\",\"@id\":\"https:\/\/www.bsb-bwb.de\/fr\/fournisseurs\/\",\"url\":\"https:\/\/www.bsb-bwb.de\/fr\/fournisseurs\/\",\"name\":\"BSB et BWB - Portail des fournisseurs\",\"isPartOf\":{\"@id\":\"https:\/\/www.bsb-bwb.de\/fr\/#website\"},\"datePublished\":\"2025-05-22T08:33:16+00:00\",\"dateModified\":\"2025-07-16T09:10:33+00:00\",\"description\":\"Informations et documents importants sur les fournisseurs \u00e0 t\u00e9l\u00e9charger. Manuel du fournisseur, code de conduite du fournisseur, heures de r\u00e9ception des marchandises, etc.\",\"breadcrumb\":{\"@id\":\"https:\/\/www.bsb-bwb.de\/fr\/fournisseurs\/#breadcrumb\"},\"inLanguage\":\"fr-FR\",\"potentialAction\":[{\"@type\":\"ReadAction\",\"target\":[\"https:\/\/www.bsb-bwb.de\/fr\/fournisseurs\/\"]}]},{\"@type\":\"BreadcrumbList\",\"@id\":\"https:\/\/www.bsb-bwb.de\/fr\/fournisseurs\/#breadcrumb\",\"itemListElement\":[{\"@type\":\"ListItem\",\"position\":1,\"name\":\"Startseite\",\"item\":\"https:\/\/www.bsb-bwb.de\/fr\/\"},{\"@type\":\"ListItem\",\"position\":2,\"name\":\"Fournisseurs\"}]},{\"@type\":\"WebSite\",\"@id\":\"https:\/\/www.bsb-bwb.de\/fr\/#website\",\"url\":\"https:\/\/www.bsb-bwb.de\/fr\/\",\"name\":\"bsb-bwb\",\"description\":\"\",\"publisher\":{\"@id\":\"https:\/\/www.bsb-bwb.de\/fr\/#organization\"},\"potentialAction\":[{\"@type\":\"SearchAction\",\"target\":{\"@type\":\"EntryPoint\",\"urlTemplate\":\"https:\/\/www.bsb-bwb.de\/fr\/?s={search_term_string}\"},\"query-input\":{\"@type\":\"PropertyValueSpecification\",\"valueRequired\":true,\"valueName\":\"search_term_string\"}}],\"inLanguage\":\"fr-FR\"},{\"@type\":\"Organization\",\"@id\":\"https:\/\/www.bsb-bwb.de\/fr\/#organization\",\"name\":\"BSB BWB\",\"url\":\"https:\/\/www.bsb-bwb.de\/fr\/\",\"logo\":{\"@type\":\"ImageObject\",\"inLanguage\":\"fr-FR\",\"@id\":\"https:\/\/www.bsb-bwb.de\/fr\/#\/schema\/logo\/image\/\",\"url\":\"https:\/\/www.bsb-bwb.de\/wp-content\/uploads\/2021\/11\/BSB-BWB_Logo_neu_340x156_Zeichenfla\u0308che-1.svg\",\"contentUrl\":\"https:\/\/www.bsb-bwb.de\/wp-content\/uploads\/2021\/11\/BSB-BWB_Logo_neu_340x156_Zeichenfla\u0308che-1.svg\",\"width\":\"1030\",\"height\":\"1030\",\"caption\":\"BSB BWB\"},\"image\":{\"@id\":\"https:\/\/www.bsb-bwb.de\/fr\/#\/schema\/logo\/image\/\"}}]}<\/script>\n<!-- \/ Yoast SEO plugin. -->","yoast_head_json":{"title":"BSB et BWB - Portail des fournisseurs","description":"Informations et documents importants sur les fournisseurs \u00e0 t\u00e9l\u00e9charger. Manuel du fournisseur, code de conduite du fournisseur, heures de r\u00e9ception des marchandises, etc.","robots":{"index":"index","follow":"follow","max-snippet":"max-snippet:-1","max-image-preview":"max-image-preview:large","max-video-preview":"max-video-preview:-1"},"canonical":"https:\/\/www.bsb-bwb.de\/fr\/fournisseurs\/","og_locale":"fr_FR","og_type":"article","og_title":"BSB et BWB - Portail des fournisseurs","og_description":"Informations et documents importants sur les fournisseurs \u00e0 t\u00e9l\u00e9charger. Manuel du fournisseur, code de conduite du fournisseur, heures de r\u00e9ception des marchandises, etc.","og_url":"https:\/\/www.bsb-bwb.de\/fr\/fournisseurs\/","og_site_name":"bsb-bwb","article_modified_time":"2025-07-16T09:10:33+00:00","twitter_card":"summary_large_image","twitter_misc":{"Dur\u00e9e de lecture estim\u00e9e":"1 minute"},"schema":{"@context":"https:\/\/schema.org","@graph":[{"@type":"WebPage","@id":"https:\/\/www.bsb-bwb.de\/fr\/fournisseurs\/","url":"https:\/\/www.bsb-bwb.de\/fr\/fournisseurs\/","name":"BSB et BWB - Portail des fournisseurs","isPartOf":{"@id":"https:\/\/www.bsb-bwb.de\/fr\/#website"},"datePublished":"2025-05-22T08:33:16+00:00","dateModified":"2025-07-16T09:10:33+00:00","description":"Informations et documents importants sur les fournisseurs \u00e0 t\u00e9l\u00e9charger. Manuel du fournisseur, code de conduite du fournisseur, heures de r\u00e9ception des marchandises, etc.","breadcrumb":{"@id":"https:\/\/www.bsb-bwb.de\/fr\/fournisseurs\/#breadcrumb"},"inLanguage":"fr-FR","potentialAction":[{"@type":"ReadAction","target":["https:\/\/www.bsb-bwb.de\/fr\/fournisseurs\/"]}]},{"@type":"BreadcrumbList","@id":"https:\/\/www.bsb-bwb.de\/fr\/fournisseurs\/#breadcrumb","itemListElement":[{"@type":"ListItem","position":1,"name":"Startseite","item":"https:\/\/www.bsb-bwb.de\/fr\/"},{"@type":"ListItem","position":2,"name":"Fournisseurs"}]},{"@type":"WebSite","@id":"https:\/\/www.bsb-bwb.de\/fr\/#website","url":"https:\/\/www.bsb-bwb.de\/fr\/","name":"bsb-bwb","description":"","publisher":{"@id":"https:\/\/www.bsb-bwb.de\/fr\/#organization"},"potentialAction":[{"@type":"SearchAction","target":{"@type":"EntryPoint","urlTemplate":"https:\/\/www.bsb-bwb.de\/fr\/?s={search_term_string}"},"query-input":{"@type":"PropertyValueSpecification","valueRequired":true,"valueName":"search_term_string"}}],"inLanguage":"fr-FR"},{"@type":"Organization","@id":"https:\/\/www.bsb-bwb.de\/fr\/#organization","name":"BSB BWB","url":"https:\/\/www.bsb-bwb.de\/fr\/","logo":{"@type":"ImageObject","inLanguage":"fr-FR","@id":"https:\/\/www.bsb-bwb.de\/fr\/#\/schema\/logo\/image\/","url":"https:\/\/www.bsb-bwb.de\/wp-content\/uploads\/2021\/11\/BSB-BWB_Logo_neu_340x156_Zeichenfla\u0308che-1.svg","contentUrl":"https:\/\/www.bsb-bwb.de\/wp-content\/uploads\/2021\/11\/BSB-BWB_Logo_neu_340x156_Zeichenfla\u0308che-1.svg","width":"1030","height":"1030","caption":"BSB BWB"},"image":{"@id":"https:\/\/www.bsb-bwb.de\/fr\/#\/schema\/logo\/image\/"}}]}},"_links":{"self":[{"href":"https:\/\/www.bsb-bwb.de\/fr\/wp-json\/wp\/v2\/pages\/7140","targetHints":{"allow":["GET"]}}],"collection":[{"href":"https:\/\/www.bsb-bwb.de\/fr\/wp-json\/wp\/v2\/pages"}],"about":[{"href":"https:\/\/www.bsb-bwb.de\/fr\/wp-json\/wp\/v2\/types\/page"}],"author":[{"embeddable":true,"href":"https:\/\/www.bsb-bwb.de\/fr\/wp-json\/wp\/v2\/users\/2"}],"replies":[{"embeddable":true,"href":"https:\/\/www.bsb-bwb.de\/fr\/wp-json\/wp\/v2\/comments?post=7140"}],"version-history":[{"count":13,"href":"https:\/\/www.bsb-bwb.de\/fr\/wp-json\/wp\/v2\/pages\/7140\/revisions"}],"predecessor-version":[{"id":7367,"href":"https:\/\/www.bsb-bwb.de\/fr\/wp-json\/wp\/v2\/pages\/7140\/revisions\/7367"}],"wp:attachment":[{"href":"https:\/\/www.bsb-bwb.de\/fr\/wp-json\/wp\/v2\/media?parent=7140"}],"curies":[{"name":"wp","href":"https:\/\/api.w.org\/{rel}","templated":true}]}}